{"id":21,"date":"2026-02-17T10:59:52","date_gmt":"2026-02-17T10:59:52","guid":{"rendered":"https:\/\/safeline-solutions.de\/kontakt\/"},"modified":"2026-03-31T14:16:34","modified_gmt":"2026-03-31T14:16:34","slug":"kontakt","status":"publish","type":"page","link":"https:\/\/safeline-solutions.de\/en\/kontakt\/","title":{"rendered":"Contact"},"content":{"rendered":"<div class=\"wp-block-group alignfull is-style-ext-preset--group--natural-1--section ext-animate--off has-background-background-color has-background has-global-padding is-layout-constrained wp-block-group-is-layout-constrained\" style=\"margin-top:0;margin-bottom:0;padding-top:var(--wp--preset--spacing--70);padding-bottom:var(--wp--preset--spacing--70)\">\n<div class=\"wp-block-media-text alignwide has-media-on-the-right is-stacked-on-mobile is-image-fill-element is-style-ext-preset--media-text--natural-1--card-1 ext-animate--on has-tertiary-background-color has-background is-style-ext-preset--media-text--natural-1--card-1--2\" style=\"grid-template-columns:auto 48%\"><div class=\"wp-block-media-text__content\">\n<div class=\"wp-block-group alignwide ext-animate--off has-global-padding is-layout-constrained wp-container-core-group-is-layout-48493932 wp-block-group-is-layout-constrained\" style=\"padding-top:var(--wp--preset--spacing--55);padding-right:var(--wp--preset--spacing--55);padding-bottom:var(--wp--preset--spacing--55);padding-left:var(--wp--preset--spacing--55)\">\n<div class=\"wp-block-contact-form-7-contact-form-selector\">\n<div class=\"wpcf7 no-js\" id=\"wpcf7-f19-o1\" lang=\"de-DE\" dir=\"ltr\" data-wpcf7-id=\"19\">\n<div class=\"screen-reader-response\"><p role=\"status\" aria-live=\"polite\" aria-atomic=\"true\"><\/p> <ul><\/ul><\/div>\n<form action=\"\/en\/wp-json\/wp\/v2\/pages\/21#wpcf7-f19-o1\" method=\"post\" class=\"wpcf7-form init\" aria-label=\"Kontaktformular\" novalidate=\"novalidate\" data-status=\"init\" data-trp-original-action=\"\/en\/wp-json\/wp\/v2\/pages\/21#wpcf7-f19-o1\">\n<fieldset class=\"hidden-fields-container\"><input type=\"hidden\" name=\"_wpcf7\" value=\"19\" \/><input type=\"hidden\" name=\"_wpcf7_version\" value=\"6.1.5\" \/><input type=\"hidden\" name=\"_wpcf7_locale\" value=\"de_DE\" \/><input type=\"hidden\" name=\"_wpcf7_unit_tag\" value=\"wpcf7-f19-o1\" \/><input type=\"hidden\" name=\"_wpcf7_container_post\" value=\"0\" \/><input type=\"hidden\" name=\"_wpcf7_posted_data_hash\" value=\"\" \/>\n<\/fieldset>\n<p><label> Your name<br \/>\n<span class=\"wpcf7-form-control-wrap\" data-name=\"your-name\"><input size=\"40\" maxlength=\"400\" class=\"wpcf7-form-control wpcf7-text wpcf7-validates-as-required\" autocomplete=\"name\" aria-required=\"true\" aria-invalid=\"false\" value=\"\" type=\"text\" name=\"your-name\" \/><\/span> <\/label>\n<\/p>\n<p><label> Your email address<br \/>\n<span class=\"wpcf7-form-control-wrap\" data-name=\"your-email\"><input size=\"40\" maxlength=\"400\" class=\"wpcf7-form-control wpcf7-email wpcf7-validates-as-required wpcf7-text wpcf7-validates-as-email\" autocomplete=\"email\" aria-required=\"true\" aria-invalid=\"false\" value=\"\" type=\"email\" name=\"your-email\" \/><\/span> <\/label>\n<\/p>\n<p><label> Subject<br \/>\n<span class=\"wpcf7-form-control-wrap\" data-name=\"your-subject\"><input size=\"40\" maxlength=\"400\" class=\"wpcf7-form-control wpcf7-text wpcf7-validates-as-required\" aria-required=\"true\" aria-invalid=\"false\" value=\"\" type=\"text\" name=\"your-subject\" \/><\/span> <\/label>\n<\/p>\n<p><label> Your message (optional)<br \/>\n<span class=\"wpcf7-form-control-wrap\" data-name=\"your-message\"><textarea cols=\"40\" rows=\"10\" maxlength=\"2000\" class=\"wpcf7-form-control wpcf7-textarea\" aria-invalid=\"false\" name=\"your-message\"><\/textarea><\/span> <\/label>\n<\/p>\n<p><input class=\"wpcf7-form-control wpcf7-submit has-spinner\" type=\"submit\" value=\"Send\" \/>\n<\/p><div class=\"wpcf7-response-output\" aria-hidden=\"true\"><\/div>\n<input type=\"hidden\" name=\"trp-form-language\" value=\"en\"\/><\/form>\n<\/div>\n<\/div>\n<\/div>\n<\/div><figure class=\"wp-block-media-text__media\"><img loading=\"lazy\" decoding=\"async\" width=\"1440\" height=\"960\" src=\"https:\/\/safeline-solutions.de\/wp-content\/uploads\/2026\/03\/f81984e2807bac3c70f75dd9537f6ed4bbf2dcf3.jpg\" alt=\"\" class=\"wp-image-238 size-full\" style=\"object-position:50% 50%\" srcset=\"https:\/\/safeline-solutions.de\/wp-content\/uploads\/2026\/03\/f81984e2807bac3c70f75dd9537f6ed4bbf2dcf3.jpg 1440w, https:\/\/safeline-solutions.de\/wp-content\/uploads\/2026\/03\/f81984e2807bac3c70f75dd9537f6ed4bbf2dcf3-300x200.jpg 300w, https:\/\/safeline-solutions.de\/wp-content\/uploads\/2026\/03\/f81984e2807bac3c70f75dd9537f6ed4bbf2dcf3-1024x683.jpg 1024w, https:\/\/safeline-solutions.de\/wp-content\/uploads\/2026\/03\/f81984e2807bac3c70f75dd9537f6ed4bbf2dcf3-768x512.jpg 768w, https:\/\/safeline-solutions.de\/wp-content\/uploads\/2026\/03\/f81984e2807bac3c70f75dd9537f6ed4bbf2dcf3-18x12.jpg 18w\" sizes=\"auto, (max-width: 1440px) 100vw, 1440px\" \/><\/figure><\/div>\n<\/div>\n\n\n\n<div class=\"wp-block-group alignfull is-style-ext-preset--group--natural-1--section has-background-background-color has-background has-global-padding is-layout-constrained wp-container-core-group-is-layout-e955bbaf wp-block-group-is-layout-constrained\" style=\"margin-top:0;margin-bottom:0;padding-top:var(--wp--preset--spacing--70);padding-bottom:var(--wp--preset--spacing--70)\">\n<h2 class=\"wp-block-heading has-text-align-center ext-animate--on\">Contact Information<\/h2>\n\n\n\n<p class=\"has-text-align-center ext-animate--on\" style=\"margin-top:1.5rem\">Find out how you can quickly and easily get in touch with SafeLine Solutions. Our overview lists all the key contact points and options.<\/p>\n\n\n\n<div class=\"wp-block-columns alignwide is-layout-flex wp-container-core-columns-is-layout-08c01c1c wp-block-columns-is-layout-flex\">\n<div class=\"wp-block-column is-vertically-aligned-stretch ext-animate--on is-layout-flow wp-container-core-column-is-layout-f5bb311e wp-block-column-is-layout-flow\">\n<div class=\"wp-block-group is-style-ext-preset--group--natural-1--item-card-1--align-center has-global-padding is-layout-constrained wp-block-group-is-layout-constrained is-style-ext-preset--group--natural-1--item-card-1--align-center--4\">\n<div class=\"wp-block-group is-style-default has-global-padding is-layout-constrained wp-block-group-is-layout-constrained\">\n<figure class=\"wp-block-image aligncenter size-full is-resized ext-aspect-landscape wp-duotone-primary-and-tertiary\"><img loading=\"lazy\" decoding=\"async\" width=\"362\" height=\"370\" src=\"https:\/\/safeline-solutions.de\/wp-content\/uploads\/2026\/03\/Screenshot-2026-03-29-at-11.42.51.png\" alt=\"\" class=\"wp-image-645\" style=\"aspect-ratio:0.9783633841886269;object-fit:cover;width:68px;height:auto\" srcset=\"https:\/\/safeline-solutions.de\/wp-content\/uploads\/2026\/03\/Screenshot-2026-03-29-at-11.42.51.png 362w, https:\/\/safeline-solutions.de\/wp-content\/uploads\/2026\/03\/Screenshot-2026-03-29-at-11.42.51-294x300.png 294w, https:\/\/safeline-solutions.de\/wp-content\/uploads\/2026\/03\/Screenshot-2026-03-29-at-11.42.51-12x12.png 12w\" sizes=\"auto, (max-width: 362px) 100vw, 362px\" \/><\/figure>\n\n\n\n<h3 class=\"wp-block-heading has-text-align-center\">SafeLine Headquarters<\/h3>\n\n\n\n<p class=\"has-text-align-center\">Our headquarters offers comprehensive support and customized solutions to address your needs.<\/p>\n\n\n\n<p>Neresheimer Weg 1\/1, 71229 Leonberg<\/p>\n<\/div>\n<\/div>\n<\/div>\n\n\n\n<div class=\"wp-block-column is-vertically-aligned-stretch ext-animate--on is-layout-flow wp-container-core-column-is-layout-f5bb311e wp-block-column-is-layout-flow\">\n<div class=\"wp-block-group is-style-ext-preset--group--natural-1--item-card-1--align-center has-global-padding is-layout-constrained wp-block-group-is-layout-constrained is-style-ext-preset--group--natural-1--item-card-1--align-center--5\">\n<div class=\"wp-block-group is-style-default has-global-padding is-layout-constrained wp-block-group-is-layout-constrained\">\n<figure class=\"wp-block-image aligncenter size-full is-resized ext-aspect-landscape wp-duotone-primary-and-tertiary\"><img loading=\"lazy\" decoding=\"async\" width=\"366\" height=\"368\" src=\"https:\/\/safeline-solutions.de\/wp-content\/uploads\/2026\/03\/Screenshot-2026-03-29-at-11.44.40.png\" alt=\"\" class=\"wp-image-650\" style=\"aspect-ratio:0.9945953567064574;object-fit:cover;width:66px;height:auto\" srcset=\"https:\/\/safeline-solutions.de\/wp-content\/uploads\/2026\/03\/Screenshot-2026-03-29-at-11.44.40.png 366w, https:\/\/safeline-solutions.de\/wp-content\/uploads\/2026\/03\/Screenshot-2026-03-29-at-11.44.40-298x300.png 298w, https:\/\/safeline-solutions.de\/wp-content\/uploads\/2026\/03\/Screenshot-2026-03-29-at-11.44.40-150x150.png 150w, https:\/\/safeline-solutions.de\/wp-content\/uploads\/2026\/03\/Screenshot-2026-03-29-at-11.44.40-12x12.png 12w\" sizes=\"auto, (max-width: 366px) 100vw, 366px\" \/><\/figure>\n\n\n\n<h3 class=\"wp-block-heading has-text-align-center\">By phone<\/h3>\n\n\n\n<p class=\"has-text-align-center\">We are happy to assist you by phone.<\/p>\n\n\n\n<p><a href=\"tel:0000000\">+49 174 6857682<\/a> or <a href=\"tel:4971523542931\">+49 7152 3542931<\/a><\/p>\n<\/div>\n<\/div>\n<\/div>\n\n\n\n<div class=\"wp-block-column is-vertically-aligned-stretch ext-animate--on is-layout-flow wp-container-core-column-is-layout-f5bb311e wp-block-column-is-layout-flow\">\n<div class=\"wp-block-group is-style-ext-preset--group--natural-1--item-card-1--align-center has-global-padding is-layout-constrained wp-block-group-is-layout-constrained is-style-ext-preset--group--natural-1--item-card-1--align-center--6\">\n<div class=\"wp-block-group is-style-default has-global-padding is-layout-constrained wp-block-group-is-layout-constrained\">\n<figure class=\"wp-block-image aligncenter size-full is-resized ext-aspect-landscape wp-duotone-primary-and-tertiary\"><img loading=\"lazy\" decoding=\"async\" width=\"360\" height=\"368\" src=\"https:\/\/safeline-solutions.de\/wp-content\/uploads\/2026\/03\/Screenshot-2026-03-29-at-11.47.21.png\" alt=\"\" class=\"wp-image-660\" style=\"aspect-ratio:0.9782729289940828;object-fit:cover;width:72px;height:auto\" srcset=\"https:\/\/safeline-solutions.de\/wp-content\/uploads\/2026\/03\/Screenshot-2026-03-29-at-11.47.21.png 360w, https:\/\/safeline-solutions.de\/wp-content\/uploads\/2026\/03\/Screenshot-2026-03-29-at-11.47.21-293x300.png 293w, https:\/\/safeline-solutions.de\/wp-content\/uploads\/2026\/03\/Screenshot-2026-03-29-at-11.47.21-12x12.png 12w\" sizes=\"auto, (max-width: 360px) 100vw, 360px\" \/><\/figure>\n\n\n\n<h3 class=\"wp-block-heading has-text-align-center\">E-Mail<\/h3>\n\n\n\n<p class=\"has-text-align-center\">Find out more about our various services by email.<\/p>\n\n\n\n<p><a href=\"mailto:info@safeline-solutions.de\">info@safeline-solutions.de<\/a><\/p>\n<\/div>\n<\/div>\n<\/div>\n<\/div>\n<\/div>","protected":false},"excerpt":{"rendered":"<p>Kontaktm\u00f6glichkeiten Erfahren Sie, wie Sie schnell und unkompliziert mit SafeLine Solutions in Kontakt treten k\u00f6nnen. Unser \u00dcberblick zeigt Ihnen alle wichtigen Kontaktpunkte und M\u00f6glichkeiten. Hauptsitz SafeLine Unser Hauptsitz bietet umfassende Unterst\u00fctzung und individuelle L\u00f6sungen f\u00fcr Ihre Anliegen. Neresheimer Weg 1\/1, 71229 Leonberg Telefonisch Wir stehen Ihnen gerne telefonisch zur Verf\u00fcgung. +49 174 6857682 or +49 [&hellip;]<\/p>\n","protected":false},"author":1,"featured_media":0,"parent":0,"menu_order":0,"comment_status":"closed","ping_status":"closed","template":"page-with-title","meta":{"footnotes":""},"class_list":["post-21","page","type-page","status-publish","hentry"],"_links":{"self":[{"href":"https:\/\/safeline-solutions.de\/en\/wp-json\/wp\/v2\/pages\/21","targetHints":{"allow":["GET"]}}],"collection":[{"href":"https:\/\/safeline-solutions.de\/en\/wp-json\/wp\/v2\/pages"}],"about":[{"href":"https:\/\/safeline-solutions.de\/en\/wp-json\/wp\/v2\/types\/page"}],"author":[{"embeddable":true,"href":"https:\/\/safeline-solutions.de\/en\/wp-json\/wp\/v2\/users\/1"}],"replies":[{"embeddable":true,"href":"https:\/\/safeline-solutions.de\/en\/wp-json\/wp\/v2\/comments?post=21"}],"version-history":[{"count":58,"href":"https:\/\/safeline-solutions.de\/en\/wp-json\/wp\/v2\/pages\/21\/revisions"}],"predecessor-version":[{"id":832,"href":"https:\/\/safeline-solutions.de\/en\/wp-json\/wp\/v2\/pages\/21\/revisions\/832"}],"wp:attachment":[{"href":"https:\/\/safeline-solutions.de\/en\/wp-json\/wp\/v2\/media?parent=21"}],"curies":[{"name":"wp","href":"https:\/\/api.w.org\/{rel}","templated":true}]}}